{"id":1925,"date":"2020-06-26T18:53:21","date_gmt":"2020-06-26T21:53:21","guid":{"rendered":"http:\/\/brasilsolidario1.hospedagemdesites.ws\/EAD\/?elementor_library=faqs"},"modified":"2023-07-24T10:11:51","modified_gmt":"2023-07-24T13:11:51","slug":"faqs","status":"publish","type":"page","link":"https:\/\/www.brasilsolidario.org.br\/EAD\/faqs\/","title":{"rendered":"FAQs"},"content":{"rendered":"\t\t<div data-elementor-type=\"page\" data-elementor-id=\"1925\" class=\"elementor elementor-1925\">\n\t\t\t\t\t\t<section class=\"elementor-section elementor-top-section elementor-element elementor-element-244d7739 elementor-section-boxed elementor-section-height-default elementor-section-height-default\" data-id=\"244d7739\" data-element_type=\"section\" data-e-type=\"section\">\n\t\t\t\t\t\t<div class=\"elementor-container elementor-column-gap-extended\">\n\t\t\t\t\t<div class=\"elementor-column elementor-col-50 elementor-top-column elementor-element elementor-element-2913419\" data-id=\"2913419\" data-element_type=\"column\" data-e-type=\"column\">\n\t\t\t<div class=\"elementor-widget-wrap elementor-element-populated\">\n\t\t\t\t\t\t<div class=\"elementor-element elementor-element-1ec0ad12 sf-accordion--icon-right elementor-widget elementor-widget-sf-accordion\" data-id=\"1ec0ad12\" data-element_type=\"widget\" data-e-type=\"widget\" data-widget_type=\"sf-accordion.default\">\n\t\t\t\t<div class=\"elementor-widget-container\">\n\t\t\t\t\t\t\t<div class=\"sf-accordion\" data-toggle=\"\" role=\"tablist\">\n\t\t\t\t\t\t<div class=\"sf-accordion__item active\">\n\t\t\t\t\t<h4 class=\"sf-accordion__title\" role=\"tab\">\n\t\t\t\t\t\t\t\t\t\t\t\t\t<span class=\"sf-accordion__icon\" aria-hidden=\"true\">\n\t\t\t\t\t\t\t\t<i class=\"sf-accordion__icon-closed fas fa-plus-circle\"><\/i>\t\t\t\t\t\t\t\t\t\t\t\t\t\t\t\t\t<i class=\"sf-accordion__icon-opened fas fa-minus-circle\"><\/i>\t\t\t\t\t\t\t\t\t\t\t\t\t\t\t<\/span>\n\t\t\t\t\t\t\t\t\t\t\t\t<span class=\"sf-accordion__title-text\">O que \u00e9 ensino \u00e0 dist\u00e2ncia?<\/span>\n\t\t\t\t\t<\/h4>\n\t\t\t\t\t<div class=\"sf-accordion__content clearfix\" role=\"tabpanel\"><p>Ensino \u00e0 dist\u00e2ncia \u00e9 a modalidade educacional na qual a media\u00e7\u00e3o did\u00e1tico-pedag\u00f3gica nos processos de ensino e aprendizagem ocorra com a utiliza\u00e7\u00e3o de meios e tecnologias de informa\u00e7\u00e3o e comunica\u00e7\u00e3o, com pessoal qualificado, com pol\u00edticas de acesso, com acompanhamento e avalia\u00e7\u00e3o compat\u00edveis, entre outros, e desenvolva atividades educativas por estudantes e profissionais da educa\u00e7\u00e3o que estejam em lugares e tempos diversos. Esta defini\u00e7\u00e3o est\u00e1 presente no Decreto 9.057, de 25 de maio de 2017, que regulamenta o Art. 80 da Lei 9.394\/96 (LDB).<\/p><\/div>\n\t\t\t\t<\/div>\n\t\t\t\t\t\t\t<div class=\"sf-accordion__item\">\n\t\t\t\t\t<h4 class=\"sf-accordion__title\" role=\"tab\">\n\t\t\t\t\t\t\t\t\t\t\t\t\t<span class=\"sf-accordion__icon\" aria-hidden=\"true\">\n\t\t\t\t\t\t\t\t<i class=\"sf-accordion__icon-closed fas fa-plus-circle\"><\/i>\t\t\t\t\t\t\t\t\t\t\t\t\t\t\t\t\t<i class=\"sf-accordion__icon-opened fas fa-minus-circle\"><\/i>\t\t\t\t\t\t\t\t\t\t\t\t\t\t\t<\/span>\n\t\t\t\t\t\t\t\t\t\t\t\t<span class=\"sf-accordion__title-text\">Quem pode fazer os cursos EAD do Instituto Brasil Solid\u00e1rio - IBS?<\/span>\n\t\t\t\t\t<\/h4>\n\t\t\t\t\t<div class=\"sf-accordion__content clearfix\" role=\"tabpanel\"><p>Educadores e demais profissionais pertencentes \u00e0 rede IBS (escolas e munic\u00edpios integrantes do Plano de Desenvolvimento da Educa\u00e7\u00e3o \u2013 PDE, do Instituto Brasil Solid\u00e1rio).<\/p><\/div>\n\t\t\t\t<\/div>\n\t\t\t\t\t\t\t<div class=\"sf-accordion__item\">\n\t\t\t\t\t<h4 class=\"sf-accordion__title\" role=\"tab\">\n\t\t\t\t\t\t\t\t\t\t\t\t\t<span class=\"sf-accordion__icon\" aria-hidden=\"true\">\n\t\t\t\t\t\t\t\t<i class=\"sf-accordion__icon-closed fas fa-plus-circle\"><\/i>\t\t\t\t\t\t\t\t\t\t\t\t\t\t\t\t\t<i class=\"sf-accordion__icon-opened fas fa-minus-circle\"><\/i>\t\t\t\t\t\t\t\t\t\t\t\t\t\t\t<\/span>\n\t\t\t\t\t\t\t\t\t\t\t\t<span class=\"sf-accordion__title-text\">Preciso realizar alguma inscri\u00e7\u00e3o para fazer o curso?<\/span>\n\t\t\t\t\t<\/h4>\n\t\t\t\t\t<div class=\"sf-accordion__content clearfix\" role=\"tabpanel\"><p>Sim, \u00e9 necess\u00e1rio se inscrever na plataforma por meio de formul\u00e1rio disponibilizado na p\u00e1gina <strong>login<\/strong>.<\/p><\/div>\n\t\t\t\t<\/div>\n\t\t\t\t\t\t\t<div class=\"sf-accordion__item\">\n\t\t\t\t\t<h4 class=\"sf-accordion__title\" role=\"tab\">\n\t\t\t\t\t\t\t\t\t\t\t\t\t<span class=\"sf-accordion__icon\" aria-hidden=\"true\">\n\t\t\t\t\t\t\t\t<i class=\"sf-accordion__icon-closed fas fa-plus-circle\"><\/i>\t\t\t\t\t\t\t\t\t\t\t\t\t\t\t\t\t<i class=\"sf-accordion__icon-opened fas fa-minus-circle\"><\/i>\t\t\t\t\t\t\t\t\t\t\t\t\t\t\t<\/span>\n\t\t\t\t\t\t\t\t\t\t\t\t<span class=\"sf-accordion__title-text\">Existe algum pr\u00e9-requisito para participa\u00e7\u00e3o nos cursos oferecidos?<\/span>\n\t\t\t\t\t<\/h4>\n\t\t\t\t\t<div class=\"sf-accordion__content clearfix\" role=\"tabpanel\"><p>Para os cursos espec\u00edficos de Artes (Pintura e desenho, Xilogravura, Teatro de sombra, Teatro de bonecos e marionetes a fio, M\u00fasica e Oficinas criativas) \u00e9 necess\u00e1rio ter realizado o Curso de Artes \u2013 Introdu\u00e7\u00e3o, para os demais cursos n\u00e3o existe pr\u00e9-requisito.<\/p><\/div>\n\t\t\t\t<\/div>\n\t\t\t\t\t\t\t<div class=\"sf-accordion__item\">\n\t\t\t\t\t<h4 class=\"sf-accordion__title\" role=\"tab\">\n\t\t\t\t\t\t\t\t\t\t\t\t\t<span class=\"sf-accordion__icon\" aria-hidden=\"true\">\n\t\t\t\t\t\t\t\t<i class=\"sf-accordion__icon-closed fas fa-plus-circle\"><\/i>\t\t\t\t\t\t\t\t\t\t\t\t\t\t\t\t\t<i class=\"sf-accordion__icon-opened fas fa-minus-circle\"><\/i>\t\t\t\t\t\t\t\t\t\t\t\t\t\t\t<\/span>\n\t\t\t\t\t\t\t\t\t\t\t\t<span class=\"sf-accordion__title-text\">Qual a dura\u00e7\u00e3o dos cursos?<\/span>\n\t\t\t\t\t<\/h4>\n\t\t\t\t\t<div class=\"sf-accordion__content clearfix\" role=\"tabpanel\"><p>Os cursos nas \u00c1reas de Incentivo \u00e0 Leitura e Educa\u00e7\u00e3o Ambiental possuem a carga hor\u00e1ria 36h (01 m\u00eas), cada. O curso na \u00c1rea de Educa\u00e7\u00e3o Financeira e Educomunica\u00e7\u00e3o (Foto e R\u00e1dio) possuem a carga hor\u00e1ria de 27h e os demais cursos na \u00c1rea de Artes possuem a carga hor\u00e1ria de 18h.<\/p><\/div>\n\t\t\t\t<\/div>\n\t\t\t\t\t\t\t<div class=\"sf-accordion__item\">\n\t\t\t\t\t<h4 class=\"sf-accordion__title\" role=\"tab\">\n\t\t\t\t\t\t\t\t\t\t\t\t\t<span class=\"sf-accordion__icon\" aria-hidden=\"true\">\n\t\t\t\t\t\t\t\t<i class=\"sf-accordion__icon-closed fas fa-plus-circle\"><\/i>\t\t\t\t\t\t\t\t\t\t\t\t\t\t\t\t\t<i class=\"sf-accordion__icon-opened fas fa-minus-circle\"><\/i>\t\t\t\t\t\t\t\t\t\t\t\t\t\t\t<\/span>\n\t\t\t\t\t\t\t\t\t\t\t\t<span class=\"sf-accordion__title-text\">Qual a metodologia utilizada nos cursos EAD do IBS?<\/span>\n\t\t\t\t\t<\/h4>\n\t\t\t\t\t<div class=\"sf-accordion__content clearfix\" role=\"tabpanel\"><p>Os cursos EAD oferecidos pelo IBS utilizam como metodologia: a disponibiliza\u00e7\u00e3o de conte\u00fados virtuais (fasc\u00edculos tem\u00e1ticos e oficinas on-line) por meio de ambiente virtual de aprendizagem, conte\u00fados para estudo e leitura p\u00f3s encontro, realiza\u00e7\u00e3o de atividades complementares, tutoria on-line (formadores dispon\u00edveis diariamente durante o per\u00edodo de realiza\u00e7\u00e3o do curso), forma\u00e7\u00e3o de grupos de WhatsApp e Facebook para acompanhamento das atividades e esclarecimento de d\u00favidas e composi\u00e7\u00e3o de biblioteca de refer\u00eancia, de acordo com a tem\u00e1tica espec\u00edfica de cada curso.<\/p><\/div>\n\t\t\t\t<\/div>\n\t\t\t\t\t\t\t<div class=\"sf-accordion__item\">\n\t\t\t\t\t<h4 class=\"sf-accordion__title\" role=\"tab\">\n\t\t\t\t\t\t\t\t\t\t\t\t\t<span class=\"sf-accordion__icon\" aria-hidden=\"true\">\n\t\t\t\t\t\t\t\t<i class=\"sf-accordion__icon-closed fas fa-plus-circle\"><\/i>\t\t\t\t\t\t\t\t\t\t\t\t\t\t\t\t\t<i class=\"sf-accordion__icon-opened fas fa-minus-circle\"><\/i>\t\t\t\t\t\t\t\t\t\t\t\t\t\t\t<\/span>\n\t\t\t\t\t\t\t\t\t\t\t\t<span class=\"sf-accordion__title-text\">Terei formadores e colegas para tirar d\u00favidas?<\/span>\n\t\t\t\t\t<\/h4>\n\t\t\t\t\t<div class=\"sf-accordion__content clearfix\" role=\"tabpanel\"><p>Os cursos EAD oferecidos pelo IBS disponibilizar\u00e3o formadores para que os participantes possam esclarecer suas d\u00favidas com a mesma facilidade com que fariam presencialmente. \u00c9 poss\u00edvel, ainda, fazer perguntas por e-mail, chat, grupos de WhatsApp e Facebook. Os participantes tamb\u00e9m ser\u00e3o encorajados a participar de discuss\u00f5es sobre os temas, tirando d\u00favidas e trocando experi\u00eancias com os outros participantes.<\/p><\/div>\n\t\t\t\t<\/div>\n\t\t\t\t\t\t\t<div class=\"sf-accordion__item\">\n\t\t\t\t\t<h4 class=\"sf-accordion__title\" role=\"tab\">\n\t\t\t\t\t\t\t\t\t\t\t\t\t<span class=\"sf-accordion__icon\" aria-hidden=\"true\">\n\t\t\t\t\t\t\t\t<i class=\"sf-accordion__icon-closed fas fa-plus-circle\"><\/i>\t\t\t\t\t\t\t\t\t\t\t\t\t\t\t\t\t<i class=\"sf-accordion__icon-opened fas fa-minus-circle\"><\/i>\t\t\t\t\t\t\t\t\t\t\t\t\t\t\t<\/span>\n\t\t\t\t\t\t\t\t\t\t\t\t<span class=\"sf-accordion__title-text\">\u00c9 preciso ter computador moderno ou entender muito de inform\u00e1tica para participar dos cursos?<\/span>\n\t\t\t\t\t<\/h4>\n\t\t\t\t\t<div class=\"sf-accordion__content clearfix\" role=\"tabpanel\"><p>Para participar dos cursos e ter acesso aos materiais did\u00e1ticos on-line, basta um computador com configura\u00e7\u00f5es b\u00e1sicas e acesso \u00e0 internet. Todas as d\u00favidas sobre os procedimentos de acesso e acompanhamento dos cursos tamb\u00e9m podem ser esclarecidas com os formadores. N\u00e3o existe motivo para preocupa\u00e7\u00e3o. \ud83d\ude09<\/p><\/div>\n\t\t\t\t<\/div>\n\t\t\t\t\t\t\t<div class=\"sf-accordion__item\">\n\t\t\t\t\t<h4 class=\"sf-accordion__title\" role=\"tab\">\n\t\t\t\t\t\t\t\t\t\t\t\t\t<span class=\"sf-accordion__icon\" aria-hidden=\"true\">\n\t\t\t\t\t\t\t\t<i class=\"sf-accordion__icon-closed fas fa-plus-circle\"><\/i>\t\t\t\t\t\t\t\t\t\t\t\t\t\t\t\t\t<i class=\"sf-accordion__icon-opened fas fa-minus-circle\"><\/i>\t\t\t\t\t\t\t\t\t\t\t\t\t\t\t<\/span>\n\t\t\t\t\t\t\t\t\t\t\t\t<span class=\"sf-accordion__title-text\">\u00c9 preciso instalar ou acessar alguma plataforma para ter acesso ao conte\u00fado e participar dos encontros online? <\/span>\n\t\t\t\t\t<\/h4>\n\t\t\t\t\t<div class=\"sf-accordion__content clearfix\" role=\"tabpanel\"><p>N\u00e3o. Os conte\u00fados ser\u00e3o acessados pelo navegador e os encontros online ocorrer\u00e3o pelo aplicativo Zoom, acess\u00edvel sem necessidade de software adicional. Todos os participantes receber\u00e3o convites de acesso.<\/p><\/div>\n\t\t\t\t<\/div>\n\t\t\t\t\t\t\t<div class=\"sf-accordion__item\">\n\t\t\t\t\t<h4 class=\"sf-accordion__title\" role=\"tab\">\n\t\t\t\t\t\t\t\t\t\t\t\t\t<span class=\"sf-accordion__icon\" aria-hidden=\"true\">\n\t\t\t\t\t\t\t\t<i class=\"sf-accordion__icon-closed fas fa-plus-circle\"><\/i>\t\t\t\t\t\t\t\t\t\t\t\t\t\t\t\t\t<i class=\"sf-accordion__icon-opened fas fa-minus-circle\"><\/i>\t\t\t\t\t\t\t\t\t\t\t\t\t\t\t<\/span>\n\t\t\t\t\t\t\t\t\t\t\t\t<span class=\"sf-accordion__title-text\">Receberei certificado ao final do curso?<\/span>\n\t\t\t\t\t<\/h4>\n\t\t\t\t\t<div class=\"sf-accordion__content clearfix\" role=\"tabpanel\"><p>Ter\u00e1 direito ao Certificado dos cursos EAD oferecidos pelo IBS o participante que obtiver 75% (setenta e cinco) ou mais de frequ\u00eancia online e realizado as atividades propostas durante os respectivos cursos.\u00a0<\/p><\/div>\n\t\t\t\t<\/div>\n\t\t\t\t\t\t\t<div class=\"sf-accordion__item\">\n\t\t\t\t\t<h4 class=\"sf-accordion__title\" role=\"tab\">\n\t\t\t\t\t\t\t\t\t\t\t\t\t<span class=\"sf-accordion__icon\" aria-hidden=\"true\">\n\t\t\t\t\t\t\t\t<i class=\"sf-accordion__icon-closed fas fa-plus-circle\"><\/i>\t\t\t\t\t\t\t\t\t\t\t\t\t\t\t\t\t<i class=\"sf-accordion__icon-opened fas fa-minus-circle\"><\/i>\t\t\t\t\t\t\t\t\t\t\t\t\t\t\t<\/span>\n\t\t\t\t\t\t\t\t\t\t\t\t<span class=\"sf-accordion__title-text\">O certificado \u00e9 gratuito?<\/span>\n\t\t\t\t\t<\/h4>\n\t\t\t\t\t<div class=\"sf-accordion__content clearfix\" role=\"tabpanel\"><p>Sim! Assim como os cursos ofertados pelo Instituto Brasil Solid\u00e1rio, o certificado fornecido \u00e9 totalmente gratuito.<\/p><\/div>\n\t\t\t\t<\/div>\n\t\t\t\t\t\t\t<div class=\"sf-accordion__item\">\n\t\t\t\t\t<h4 class=\"sf-accordion__title\" role=\"tab\">\n\t\t\t\t\t\t\t\t\t\t\t\t\t<span class=\"sf-accordion__icon\" aria-hidden=\"true\">\n\t\t\t\t\t\t\t\t<i class=\"sf-accordion__icon-closed fas fa-plus-circle\"><\/i>\t\t\t\t\t\t\t\t\t\t\t\t\t\t\t\t\t<i class=\"sf-accordion__icon-opened fas fa-minus-circle\"><\/i>\t\t\t\t\t\t\t\t\t\t\t\t\t\t\t<\/span>\n\t\t\t\t\t\t\t\t\t\t\t\t<span class=\"sf-accordion__title-text\">O certificado \u00e9 reconhecido pelo MEC?<\/span>\n\t\t\t\t\t<\/h4>\n\t\t\t\t\t<div class=\"sf-accordion__content clearfix\" role=\"tabpanel\"><p>N\u00e3o. O certificado n\u00e3o \u00e9 reconhecido pelo MEC.<\/p><p>O Minist\u00e9rio da Educa\u00e7\u00e3o (MEC) s\u00f3 faz a certifica\u00e7\u00e3o de institui\u00e7\u00f5es que sejam de n\u00edvel fundamental, m\u00e9dio, t\u00e9cnico ou superior.<\/p><p>Nossos cursos s\u00e3o classificados como cursos livres, que integram a Educa\u00e7\u00e3o Profissional, que \u00e9 a modalidade de educa\u00e7\u00e3o n\u00e3o-formal. Os cursos livres n\u00e3o necessitam de portaria de regulamenta\u00e7\u00e3o.<\/p><\/div>\n\t\t\t\t<\/div>\n\t\t\t\t\t\t\t<div class=\"sf-accordion__item\">\n\t\t\t\t\t<h4 class=\"sf-accordion__title\" role=\"tab\">\n\t\t\t\t\t\t\t\t\t\t\t\t\t<span class=\"sf-accordion__icon\" aria-hidden=\"true\">\n\t\t\t\t\t\t\t\t<i class=\"sf-accordion__icon-closed fas fa-plus-circle\"><\/i>\t\t\t\t\t\t\t\t\t\t\t\t\t\t\t\t\t<i class=\"sf-accordion__icon-opened fas fa-minus-circle\"><\/i>\t\t\t\t\t\t\t\t\t\t\t\t\t\t\t<\/span>\n\t\t\t\t\t\t\t\t\t\t\t\t<span class=\"sf-accordion__title-text\">Posso apresentar o certificado como horas complementares na Universidade?<\/span>\n\t\t\t\t\t<\/h4>\n\t\t\t\t\t<div class=\"sf-accordion__content clearfix\" role=\"tabpanel\"><p>Muitos educadores realizam nossos cursos e buscam apresentar como atividades complementares, mas n\u00e3o s\u00e3o todas as institui\u00e7\u00f5es superiores de ensino que aceitam.<\/p><p>\u00c9 importante verificar essa informa\u00e7\u00e3o, antecipadamente, com a secretaria de tais institui\u00e7\u00f5es.<\/p><\/div>\n\t\t\t\t<\/div>\n\t\t\t\t\t<\/div>\n\t\t\t\t\t\t<\/div>\n\t\t\t\t<\/div>\n\t\t\t\t\t<\/div>\n\t\t<\/div>\n\t\t\t\t<div class=\"elementor-column elementor-col-50 elementor-top-column elementor-element elementor-element-42e068ca\" data-id=\"42e068ca\" data-element_type=\"column\" data-e-type=\"column\">\n\t\t\t<div class=\"elementor-widget-wrap elementor-element-populated\">\n\t\t\t\t\t\t<div class=\"elementor-element elementor-element-21f4f24d elementor-widget elementor-widget-sidebar\" data-id=\"21f4f24d\" data-element_type=\"widget\" data-e-type=\"widget\" data-widget_type=\"sidebar.default\">\n\t\t\t\t<div class=\"elementor-widget-container\">\n\t\t\t\t\t<div id=\"search-100\" class=\"widget widget_search\"><form role=\"search\" method=\"get\" class=\"search-form ajax-search-form\" action=\"https:\/\/www.brasilsolidario.org.br\/EAD\/\">\n\t<input type=\"search\" class=\"sf-input\" name=\"s\" value=\"\" placeholder=\"buscar..\">\n\t<button type=\"submit\" class=\"sf-submit\" aria-label=\"\"><i class=\"ticon-search-alt\"><\/i><\/button>\n\t<\/form><\/div><div id=\"block-4\" class=\"widget widget_block\"><\/div>\t\t\t\t<\/div>\n\t\t\t\t<\/div>\n\t\t\t\t\t<\/div>\n\t\t<\/div>\n\t\t\t\t\t<\/div>\n\t\t<\/section>\n\t\t\t\t<\/div>\n\t\t","protected":false},"excerpt":{"rendered":"<p>O que \u00e9 ensino \u00e0 dist\u00e2ncia? Ensino \u00e0 dist\u00e2ncia \u00e9 a modalidade educacional na qual a media\u00e7\u00e3o did\u00e1tico-pedag\u00f3gica nos processos de ensino e aprendizagem ocorra com a utiliza\u00e7\u00e3o de meios e tecnologias de informa\u00e7\u00e3o e comunica\u00e7\u00e3o, com pessoal qualificado, com pol\u00edticas de acesso, com acompanhamento e avalia\u00e7\u00e3o compat\u00edveis, entre outros, e desenvolva atividades educativas por [&hellip;]<\/p>\n","protected":false},"author":2,"featured_media":0,"parent":0,"menu_order":0,"comment_status":"closed","ping_status":"closed","template":"page-builder.php","meta":{"advgb_blocks_editor_width":"","advgb_blocks_columns_visual_guide":"","footnotes":""},"class_list":["post-1925","page","type-page","status-publish","hentry"],"featured_image_urls_v2":{"full":"","thumbnail":"","medium":"","medium_large":"","large":"","1536x1536":"","2048x2048":"","talemy_thumb_x_small":"","talemy_thumb_small_s":"","talemy_thumb_small":"","talemy_thumb_small_x":"","talemy_thumb_half":"","talemy_thumb_medium":"","talemy_thumb_medium_x":"","talemy_thumb_large":"","talemy_thumb_large_x":""},"post_excerpt_stackable_v2":"<p>O que \u00e9 ensino \u00e0 dist\u00e2ncia? Ensino \u00e0 dist\u00e2ncia \u00e9 a modalidade educacional na qual a media\u00e7\u00e3o did\u00e1tico-pedag\u00f3gica nos processos de ensino e aprendizagem ocorra com a utiliza\u00e7\u00e3o de meios e tecnologias de informa\u00e7\u00e3o e comunica\u00e7\u00e3o, com pessoal qualificado, com pol\u00edticas de acesso, com acompanhamento e avalia\u00e7\u00e3o compat\u00edveis, entre outros, e desenvolva atividades educativas por estudantes e profissionais da educa\u00e7\u00e3o que estejam em lugares e tempos diversos. Esta defini\u00e7\u00e3o est\u00e1 presente no Decreto 9.057, de 25 de maio de 2017, que regulamenta o Art. 80 da Lei 9.394\/96 (LDB). Quem pode fazer os cursos EAD do Instituto Brasil Solid\u00e1rio -&hellip;<\/p>\n","category_list_v2":"","author_info_v2":{"name":"Jone Paraschin Jr","url":"https:\/\/www.brasilsolidario.org.br\/EAD\/author\/jone\/"},"comments_num_v2":"0 coment\u00e1rio","coauthors":[],"author_meta":{"author_link":"https:\/\/www.brasilsolidario.org.br\/EAD\/author\/jone\/","display_name":"Jone Paraschin Jr"},"relative_dates":{"created":"Publicado 6 anos atr\u00e1s","modified":"Atualizado 3 anos atr\u00e1s"},"absolute_dates":{"created":"Publicado em 26 junho 2020","modified":"Atualizado em 24 julho 2023"},"absolute_dates_time":{"created":"Publicado em 26 junho 2020 18:53","modified":"Atualizado em 24 julho 2023 10:11"},"featured_img_caption":"","featured_img":false,"series_order":"","_links":{"self":[{"href":"https:\/\/www.brasilsolidario.org.br\/EAD\/wp-json\/wp\/v2\/pages\/1925","targetHints":{"allow":["GET"]}}],"collection":[{"href":"https:\/\/www.brasilsolidario.org.br\/EAD\/wp-json\/wp\/v2\/pages"}],"about":[{"href":"https:\/\/www.brasilsolidario.org.br\/EAD\/wp-json\/wp\/v2\/types\/page"}],"author":[{"embeddable":true,"href":"https:\/\/www.brasilsolidario.org.br\/EAD\/wp-json\/wp\/v2\/users\/2"}],"replies":[{"embeddable":true,"href":"https:\/\/www.brasilsolidario.org.br\/EAD\/wp-json\/wp\/v2\/comments?post=1925"}],"version-history":[{"count":0,"href":"https:\/\/www.brasilsolidario.org.br\/EAD\/wp-json\/wp\/v2\/pages\/1925\/revisions"}],"wp:attachment":[{"href":"https:\/\/www.brasilsolidario.org.br\/EAD\/wp-json\/wp\/v2\/media?parent=1925"}],"curies":[{"name":"wp","href":"https:\/\/api.w.org\/{rel}","templated":true}]}}