{"id":1915,"date":"2020-06-26T18:52:49","date_gmt":"2020-06-26T21:52:49","guid":{"rendered":"http:\/\/brasilsolidario1.hospedagemdesites.ws\/EAD\/?elementor_library=about-us-2"},"modified":"2020-10-29T11:35:03","modified_gmt":"2020-10-29T14:35:03","slug":"eadibs","status":"publish","type":"page","link":"https:\/\/www.brasilsolidario.org.br\/EAD\/eadibs\/","title":{"rendered":"EAD IBS"},"content":{"rendered":"\t\t<div data-elementor-type=\"page\" data-elementor-id=\"1915\" class=\"elementor elementor-1915\">\n\t\t\t\t\t\t<section class=\"elementor-section elementor-top-section elementor-element elementor-element-515614ab elementor-section-boxed elementor-section-height-default elementor-section-height-default\" data-id=\"515614ab\" data-element_type=\"section\" data-e-type=\"section\">\n\t\t\t\t\t\t<div class=\"elementor-container elementor-column-gap-extended\">\n\t\t\t\t\t<div class=\"elementor-column elementor-col-50 elementor-top-column elementor-element elementor-element-1c6acc7b\" data-id=\"1c6acc7b\" data-element_type=\"column\" data-e-type=\"column\">\n\t\t\t<div class=\"elementor-widget-wrap elementor-element-populated\">\n\t\t\t\t\t\t<div class=\"elementor-element elementor-element-5cfec163 wp-video-popup elementor-widget elementor-widget-image\" data-id=\"5cfec163\" data-element_type=\"widget\" data-e-type=\"widget\" data-widget_type=\"image.default\">\n\t\t\t\t<div class=\"elementor-widget-container\">\n\t\t\t\t\t\t\t\t\t\t\t\t\t\t\t\t<a href=\"#\">\n\t\t\t\t\t\t\t<img fetchpriority=\"high\" decoding=\"async\" width=\"417\" height=\"423\" src=\"https:\/\/www.brasilsolidario.org.br\/EAD\/wp-content\/uploads\/2020\/06\/about.png\" class=\"attachment-full size-full wp-image-1522\" alt=\"\" srcset=\"https:\/\/www.brasilsolidario.org.br\/EAD\/wp-content\/uploads\/2020\/06\/about.png 417w, https:\/\/www.brasilsolidario.org.br\/EAD\/wp-content\/uploads\/2020\/06\/about-100x100.png 100w, https:\/\/www.brasilsolidario.org.br\/EAD\/wp-content\/uploads\/2020\/06\/about-296x300.png 296w\" sizes=\"(max-width: 417px) 100vw, 417px\" \/>\t\t\t\t\t\t\t\t<\/a>\n\t\t\t\t\t\t\t\t\t\t\t\t\t\t\t<\/div>\n\t\t\t\t<\/div>\n\t\t\t\t\t<\/div>\n\t\t<\/div>\n\t\t\t\t<div class=\"elementor-column elementor-col-50 elementor-top-column elementor-element elementor-element-ce95360\" data-id=\"ce95360\" data-element_type=\"column\" data-e-type=\"column\">\n\t\t\t<div class=\"elementor-widget-wrap elementor-element-populated\">\n\t\t\t\t\t\t<div class=\"elementor-element elementor-element-5124a747 sf-heading--decor-bottom_line elementor-widget elementor-widget-sf-heading\" data-id=\"5124a747\" data-element_type=\"widget\" data-e-type=\"widget\" data-widget_type=\"sf-heading.default\">\n\t\t\t\t<div class=\"elementor-widget-container\">\n\t\t\t\t\t        <div class=\"sf-heading\">\n                        <span class=\"sf-heading__subtitle\">Sobre n\u00f3s<\/span>            <h2 class=\"sf-heading__title\">Conhe\u00e7a o EAD do Instituto Brasil Solid\u00e1rio  - IBS<\/h2>                        <div class=\"sf-heading__bottom\"><span class=\"sf-heading__line\"><\/span><\/div>        <\/div>\n        \t\t\t\t<\/div>\n\t\t\t\t<\/div>\n\t\t\t\t<div class=\"elementor-element elementor-element-8f2988c elementor-widget elementor-widget-text-editor\" data-id=\"8f2988c\" data-element_type=\"widget\" data-e-type=\"widget\" data-widget_type=\"text-editor.default\">\n\t\t\t\t<div class=\"elementor-widget-container\">\n\t\t\t\t\t\t\t\t\t<p>A plataforma EAD do Instituto Brasil Solid\u00e1rio abre espa\u00e7o para ampliar o acesso, de forma simples e gratuita, a todo o conte\u00fado das Forma\u00e7\u00f5es do Programa de Desenvolvimento da Educa\u00e7\u00e3o \u2013 PDE, reunindo materiais de estudo, pesquisa e sequ\u00eancias did\u00e1ticas com boas pr\u00e1ticas educacionais elaboradas em mais de 20 anos de atua\u00e7\u00e3o em escolas das 5 regi\u00f5es do Brasil.<\/p><p>Baseada em software que \u00e9 <span class=\"tlid-translation translation\" lang=\"pt\"><span class=\"\" title=\"\">a escolha n\u00famero 1 de empresas da Fortune 500, grandes universidades, organiza\u00e7\u00f5es de treinamento e professores do mundo todo para criar (e vender) seus cursos on-line, a plataforma \u00e9 toda automatizada e preparada para oferecer uma experi\u00eancia \u00fanica de aprendizado.<br \/><\/span><\/span><\/p><p>A proposta EAD faz parte das a\u00e7\u00f5es do Plano Bienal de Atividades \u2013 Brasil Solid\u00e1rio, que conta com o apoio da Lei Federal de Incentivo \u00e0 Cultura da Secretaria Especial da Cultura do Minist\u00e9rio do Turismo. As atividades envolvem temas transversais e interdisciplinares em oito eixos de atua\u00e7\u00e3o: Incentivo \u00e0 Leitura, Cidadania, Arte e Pintura, Educomunica\u00e7\u00e3o, Empreendedorismo, Educa\u00e7\u00e3o Ambiental, Sa\u00fade e Educa\u00e7\u00e3o Financeira.<\/p>\t\t\t\t\t\t\t\t<\/div>\n\t\t\t\t<\/div>\n\t\t\t\t<div class=\"elementor-element elementor-element-47bf6305 sf-mobile-align-center sf-buttons__stack-mobile elementor-widget elementor-widget-sf-buttons\" data-id=\"47bf6305\" data-element_type=\"widget\" data-e-type=\"widget\" data-widget_type=\"sf-buttons.default\">\n\t\t\t\t<div class=\"elementor-widget-container\">\n\t\t\t\t\t\t\t<div class=\"sf-buttons\">\n\t\t\t\t\t\t<div class=\"btn-wrapper\">\n\t\t\t\t\t<a href=\"https:\/\/brasilsolidario.org.br\/EAD\/cursos\/\" class=\"btn btn-outline-dark\" role=\"button\">\n\t\t\t\t\t\t\t\t<span class=\"btn-text-wrapper\">\n\t\t\t\t\t\t\t<span class=\"btn-icon btn-align-icon-left\">\n\t\t\t\t\t<i class=\"fas fa-book\" aria-hidden=\"true\"><\/i>\n\t\t\t\t<\/span>\n\t\t\t\t\t\t<span class=\"btn-text\">Nossos cursos<\/span>\n\t\t<\/span>\n\t\t\t\t\t\t\t<\/a>\n\t\t\t\t<\/div>\n\t\t\t\t<\/div>\n\t\t\t\t\t\t<\/div>\n\t\t\t\t<\/div>\n\t\t\t\t\t<\/div>\n\t\t<\/div>\n\t\t\t\t\t<\/div>\n\t\t<\/section>\n\t\t\t\t<section class=\"elementor-section elementor-top-section elementor-element elementor-element-30dd2308 elementor-section-full_width elementor-section-height-default elementor-section-height-default\" data-id=\"30dd2308\" data-element_type=\"section\" data-e-type=\"section\">\n\t\t\t\t\t\t<div class=\"elementor-container elementor-column-gap-no\">\n\t\t\t\t\t<div class=\"elementor-column elementor-col-20 elementor-top-column elementor-element elementor-element-18bfdccd\" data-id=\"18bfdccd\" data-element_type=\"column\" data-e-type=\"column\" data-settings=\"{&quot;background_background&quot;:&quot;classic&quot;}\">\n\t\t\t<div class=\"elementor-widget-wrap elementor-element-populated\">\n\t\t\t\t\t<div class=\"elementor-background-overlay\"><\/div>\n\t\t\t\t\t\t<div class=\"elementor-element elementor-element-2fbe9ad2 sf-position-top sf-view-default elementor-widget elementor-widget-sf-icon-box\" data-id=\"2fbe9ad2\" data-element_type=\"widget\" data-e-type=\"widget\" data-widget_type=\"sf-icon-box.default\">\n\t\t\t\t<div class=\"elementor-widget-container\">\n\t\t\t\t\t<a class=\"sf-icon-box \" href=\"#\">\n\t\t\t\t\t<div class=\"sf-icon-box__icon\">\n\t\t\t\t<span class=\"sf-icon elementor-animation-\">\n\t\t\t\t\t\t\t\t\t\t\t<i class=\"fas fa-rss\" aria-hidden=\"true\"><\/i>\n\t\t\t\t\t\t\t\t\t<\/span>\n\t\t\t<\/div>\n\t\t\n\t\t\n\t\t<div class=\"sf-icon-box__content\">\n\t\t\t<h3 class=\"sf-icon-box__title\">Encontros ao vivo<\/h3>\t\t\t<div class=\"sf-icon-box__desc\">Programados de acordo com a carga hor\u00e1ria de cada curso.<\/div>\t\t<\/div>\n\n\t\t<\/a>\t\t\t\t<\/div>\n\t\t\t\t<\/div>\n\t\t\t\t\t<\/div>\n\t\t<\/div>\n\t\t\t\t<div class=\"elementor-column elementor-col-20 elementor-top-column elementor-element elementor-element-557d895c\" data-id=\"557d895c\" data-element_type=\"column\" data-e-type=\"column\" data-settings=\"{&quot;background_background&quot;:&quot;classic&quot;}\">\n\t\t\t<div class=\"elementor-widget-wrap elementor-element-populated\">\n\t\t\t\t\t<div class=\"elementor-background-overlay\"><\/div>\n\t\t\t\t\t\t<div class=\"elementor-element elementor-element-1cdff060 sf-position-top sf-view-default elementor-widget elementor-widget-sf-icon-box\" data-id=\"1cdff060\" data-element_type=\"widget\" data-e-type=\"widget\" data-widget_type=\"sf-icon-box.default\">\n\t\t\t\t<div class=\"elementor-widget-container\">\n\t\t\t\t\t<a class=\"sf-icon-box \" href=\"#\">\n\t\t\t\t\t<div class=\"sf-icon-box__icon\">\n\t\t\t\t<span class=\"sf-icon elementor-animation-\">\n\t\t\t\t\t\t\t\t\t\t\t<i class=\"ticon-monitor\" aria-hidden=\"true\"><\/i>\n\t\t\t\t\t\t\t\t\t<\/span>\n\t\t\t<\/div>\n\t\t\n\t\t\n\t\t<div class=\"sf-icon-box__content\">\n\t\t\t<h3 class=\"sf-icon-box__title\">Ambiente Virtual de Aprendizado<\/h3>\t\t\t<div class=\"sf-icon-box__desc\">Calend\u00e1rio, Biblioteca Virtual e Tutoria on-line \u2013 das 8 \u00e0s 18h, de segunda a sexta-feira.<\/div>\t\t<\/div>\n\n\t\t<\/a>\t\t\t\t<\/div>\n\t\t\t\t<\/div>\n\t\t\t\t\t<\/div>\n\t\t<\/div>\n\t\t\t\t<div class=\"elementor-column elementor-col-20 elementor-top-column elementor-element elementor-element-5406cbf3\" data-id=\"5406cbf3\" data-element_type=\"column\" data-e-type=\"column\" data-settings=\"{&quot;background_background&quot;:&quot;classic&quot;}\">\n\t\t\t<div class=\"elementor-widget-wrap elementor-element-populated\">\n\t\t\t\t\t<div class=\"elementor-background-overlay\"><\/div>\n\t\t\t\t\t\t<div class=\"elementor-element elementor-element-4930d60b sf-position-top sf-view-default elementor-widget elementor-widget-sf-icon-box\" data-id=\"4930d60b\" data-element_type=\"widget\" data-e-type=\"widget\" data-widget_type=\"sf-icon-box.default\">\n\t\t\t\t<div class=\"elementor-widget-container\">\n\t\t\t\t\t<a class=\"sf-icon-box \" href=\"#\">\n\t\t\t\t\t<div class=\"sf-icon-box__icon\">\n\t\t\t\t<span class=\"sf-icon elementor-animation-\">\n\t\t\t\t\t\t\t\t\t\t\t<i class=\"fas fa-laptop\" aria-hidden=\"true\"><\/i>\n\t\t\t\t\t\t\t\t\t<\/span>\n\t\t\t<\/div>\n\t\t\n\t\t\n\t\t<div class=\"sf-icon-box__content\">\n\t\t\t<h3 class=\"sf-icon-box__title\">Plataforma din\u00e2mica<\/h3>\t\t\t<div class=\"sf-icon-box__desc\">Baseada em software usado por empresas da Fortune 500, grandes universidades, organiza\u00e7\u00f5es de treinamento e professores do mundo todo para disponibilizar seus cursos on-line.<\/div>\t\t<\/div>\n\n\t\t<\/a>\t\t\t\t<\/div>\n\t\t\t\t<\/div>\n\t\t\t\t\t<\/div>\n\t\t<\/div>\n\t\t\t\t<div class=\"elementor-column elementor-col-20 elementor-top-column elementor-element elementor-element-6ed27776\" data-id=\"6ed27776\" data-element_type=\"column\" data-e-type=\"column\" data-settings=\"{&quot;background_background&quot;:&quot;classic&quot;}\">\n\t\t\t<div class=\"elementor-widget-wrap elementor-element-populated\">\n\t\t\t\t\t<div class=\"elementor-background-overlay\"><\/div>\n\t\t\t\t\t\t<div class=\"elementor-element elementor-element-783f8f57 sf-position-top sf-view-default elementor-widget elementor-widget-sf-icon-box\" data-id=\"783f8f57\" data-element_type=\"widget\" data-e-type=\"widget\" data-widget_type=\"sf-icon-box.default\">\n\t\t\t\t<div class=\"elementor-widget-container\">\n\t\t\t\t\t<a class=\"sf-icon-box \" href=\"3\">\n\t\t\t\t\t<div class=\"sf-icon-box__icon\">\n\t\t\t\t<span class=\"sf-icon elementor-animation-\">\n\t\t\t\t\t\t\t\t\t\t\t<i class=\"fab fa-whatsapp\" aria-hidden=\"true\"><\/i>\n\t\t\t\t\t\t\t\t\t<\/span>\n\t\t\t<\/div>\n\t\t\n\t\t\n\t\t<div class=\"sf-icon-box__content\">\n\t\t\t<h3 class=\"sf-icon-box__title\">Suporte ao aluno<\/h3>\t\t\t<div class=\"sf-icon-box__desc\">Cursos montados com suporte via WhatsApp e Facebook<\/div>\t\t<\/div>\n\n\t\t<\/a>\t\t\t\t<\/div>\n\t\t\t\t<\/div>\n\t\t\t\t\t<\/div>\n\t\t<\/div>\n\t\t\t\t<div class=\"elementor-column elementor-col-20 elementor-top-column elementor-element elementor-element-642101cc\" data-id=\"642101cc\" data-element_type=\"column\" data-e-type=\"column\" data-settings=\"{&quot;background_background&quot;:&quot;classic&quot;}\">\n\t\t\t<div class=\"elementor-widget-wrap elementor-element-populated\">\n\t\t\t\t\t<div class=\"elementor-background-overlay\"><\/div>\n\t\t\t\t\t\t<div class=\"elementor-element elementor-element-17571026 sf-position-top sf-view-default elementor-widget elementor-widget-sf-icon-box\" data-id=\"17571026\" data-element_type=\"widget\" data-e-type=\"widget\" data-widget_type=\"sf-icon-box.default\">\n\t\t\t\t<div class=\"elementor-widget-container\">\n\t\t\t\t\t<a class=\"sf-icon-box \" href=\"#\">\n\t\t\t\t\t<div class=\"sf-icon-box__icon\">\n\t\t\t\t<span class=\"sf-icon elementor-animation-\">\n\t\t\t\t\t\t\t\t\t\t\t<i class=\"ticon-note\" aria-hidden=\"true\"><\/i>\n\t\t\t\t\t\t\t\t\t<\/span>\n\t\t\t<\/div>\n\t\t\n\t\t\n\t\t<div class=\"sf-icon-box__content\">\n\t\t\t<h3 class=\"sf-icon-box__title\">Conte\u00fado offline<\/h3>\t\t\t<div class=\"sf-icon-box__desc\">Fasc\u00edculos em formato PDF dispon\u00edveis para download.<\/div>\t\t<\/div>\n\n\t\t<\/a>\t\t\t\t<\/div>\n\t\t\t\t<\/div>\n\t\t\t\t\t<\/div>\n\t\t<\/div>\n\t\t\t\t\t<\/div>\n\t\t<\/section>\n\t\t\t\t<\/div>\n\t\t","protected":false},"excerpt":{"rendered":"<p>Sobre n\u00f3s Conhe\u00e7a o EAD do Instituto Brasil Solid\u00e1rio &#8211; IBS A plataforma EAD do Instituto Brasil Solid\u00e1rio abre espa\u00e7o para ampliar o acesso, de forma simples e gratuita, a todo o conte\u00fado das Forma\u00e7\u00f5es do Programa de Desenvolvimento da Educa\u00e7\u00e3o \u2013 PDE, reunindo materiais de estudo, pesquisa e sequ\u00eancias did\u00e1ticas com boas pr\u00e1ticas educacionais [&hellip;]<\/p>\n","protected":false},"author":2,"featured_media":0,"parent":0,"menu_order":0,"comment_status":"closed","ping_status":"closed","template":"page-builder.php","meta":{"advgb_blocks_editor_width":"","advgb_blocks_columns_visual_guide":"","footnotes":""},"class_list":["post-1915","page","type-page","status-publish","hentry"],"featured_image_urls_v2":{"full":"","thumbnail":"","medium":"","medium_large":"","large":"","1536x1536":"","2048x2048":"","talemy_thumb_x_small":"","talemy_thumb_small_s":"","talemy_thumb_small":"","talemy_thumb_small_x":"","talemy_thumb_half":"","talemy_thumb_medium":"","talemy_thumb_medium_x":"","talemy_thumb_large":"","talemy_thumb_large_x":""},"post_excerpt_stackable_v2":"<p>Sobre n\u00f3s Conhe\u00e7a o EAD do Instituto Brasil Solid\u00e1rio &#8211; IBS A plataforma EAD do Instituto Brasil Solid\u00e1rio abre espa\u00e7o para ampliar o acesso, de forma simples e gratuita, a todo o conte\u00fado das Forma\u00e7\u00f5es do Programa de Desenvolvimento da Educa\u00e7\u00e3o \u2013 PDE, reunindo materiais de estudo, pesquisa e sequ\u00eancias did\u00e1ticas com boas pr\u00e1ticas educacionais elaboradas em mais de 20 anos de atua\u00e7\u00e3o em escolas das 5 regi\u00f5es do Brasil.Baseada em software que \u00e9 a escolha n\u00famero 1 de empresas da Fortune 500, grandes universidades, organiza\u00e7\u00f5es de treinamento e professores do mundo todo para criar (e vender) seus cursos on-line,&hellip;<\/p>\n","category_list_v2":"","author_info_v2":{"name":"Jone Paraschin Jr","url":"https:\/\/www.brasilsolidario.org.br\/EAD\/author\/jone\/"},"comments_num_v2":"0 coment\u00e1rio","coauthors":[],"author_meta":{"author_link":"https:\/\/www.brasilsolidario.org.br\/EAD\/author\/jone\/","display_name":"Jone Paraschin Jr"},"relative_dates":{"created":"Publicado 6 anos atr\u00e1s","modified":"Atualizado 6 anos atr\u00e1s"},"absolute_dates":{"created":"Publicado em 26 junho 2020","modified":"Atualizado em 29 outubro 2020"},"absolute_dates_time":{"created":"Publicado em 26 junho 2020 18:52","modified":"Atualizado em 29 outubro 2020 11:35"},"featured_img_caption":"","featured_img":false,"series_order":"","_links":{"self":[{"href":"https:\/\/www.brasilsolidario.org.br\/EAD\/wp-json\/wp\/v2\/pages\/1915","targetHints":{"allow":["GET"]}}],"collection":[{"href":"https:\/\/www.brasilsolidario.org.br\/EAD\/wp-json\/wp\/v2\/pages"}],"about":[{"href":"https:\/\/www.brasilsolidario.org.br\/EAD\/wp-json\/wp\/v2\/types\/page"}],"author":[{"embeddable":true,"href":"https:\/\/www.brasilsolidario.org.br\/EAD\/wp-json\/wp\/v2\/users\/2"}],"replies":[{"embeddable":true,"href":"https:\/\/www.brasilsolidario.org.br\/EAD\/wp-json\/wp\/v2\/comments?post=1915"}],"version-history":[{"count":0,"href":"https:\/\/www.brasilsolidario.org.br\/EAD\/wp-json\/wp\/v2\/pages\/1915\/revisions"}],"wp:attachment":[{"href":"https:\/\/www.brasilsolidario.org.br\/EAD\/wp-json\/wp\/v2\/media?parent=1915"}],"curies":[{"name":"wp","href":"https:\/\/api.w.org\/{rel}","templated":true}]}}